{"id":820,"date":"2024-09-19T17:44:30","date_gmt":"2024-09-19T20:44:30","guid":{"rendered":"https:\/\/nowinext.com\/empresas-de-auditoria-en-francia\/"},"modified":"2025-02-21T09:12:19","modified_gmt":"2025-02-21T12:12:19","slug":"francia","status":"publish","type":"page","link":"https:\/\/nowinext.com\/?page_id=820","title":{"rendered":"Empresas de Auditor\u00eda en Francia"},"content":{"rendered":"\n<p>&nbsp;<\/p>\n\n\n\n<p>La industria de la auditor\u00eda juega un papel crucial en la econom\u00eda global, proporcionando servicios esenciales para garantizar la transparencia y la confianza en los mercados financieros. En Francia, un pa\u00eds conocido por su sofisticado sistema financiero y su rigurosa regulaci\u00f3n, las empresas de auditor\u00eda ocupan un lugar central en el mantenimiento de la integridad y la fiabilidad de las pr\u00e1cticas empresariales. Estos guardianes de la exactitud contable no solo se aseguran de que las entidades cumplan con las normativas locales e internacionales, sino que tambi\u00e9n ofrecen una amplia gama de servicios que incluyen auditor\u00eda externa, asesoramiento fiscal, consultor\u00eda de gesti\u00f3n y servicios de riesgo y cumplimiento. Con una historia rica en tradici\u00f3n comercial y una posici\u00f3n prominente en la econom\u00eda europea, el escenario franc\u00e9s de la auditor\u00eda refleja un equilibrio entre firmas globales reconocidas y pr\u00e1cticas locales especializadas, todas las cuales juegan roles distintos en la promoci\u00f3n de la eficiencia y la integridad en el mundo corporativo. A medida que Francia contin\u00faa adapt\u00e1ndose a las din\u00e1micas cambiantes del comercio internacional y a la evoluci\u00f3n de las normativas financieras, el sector de la auditor\u00eda se encuentra en una posici\u00f3n \u00fanica para enfrentar los desaf\u00edos del presente y del futuro, asegurando que las empresas operen con los m\u00e1s altos est\u00e1ndares de responsabilidad y transparencia.<\/p>\n\n\n\n<h2 class=\"wp-block-heading\"><a href=\"https:\/\/nowinext.com\/auditoras\/\">Top empresas de Auditoria<\/a> en Francia:<\/h2>\n\n\n<div class=\"pt-cv-wrapper\"><div class=\"pt-cv-view pt-cv-grid pt-cv-colsys\" id=\"pt-cv-view-0e9d654x7s\"><div data-id=\"pt-cv-page-1\" class=\"pt-cv-page\" data-cvc=\"2\"><div class=\"col-md-6 col-sm-12 col-xs-12 pt-cv-content-item pt-cv-1-col\" ><div class='pt-cv-ifield'><h4 class=\"pt-cv-title\"><a href=\"https:\/\/nowinext.com\/?page_id=770\" class=\"_self\" target=\"_self\" >Paez Asociados Servicios de Auditoria.<\/a><\/h4><\/div><\/div>\n<div class=\"col-md-6 col-sm-12 col-xs-12 pt-cv-content-item pt-cv-1-col\" ><div class='pt-cv-ifield'><h4 class=\"pt-cv-title\"><a href=\"https:\/\/nowinext.com\/?page_id=769\" class=\"_self\" target=\"_self\" >HLB FAST &#038; ABS Auditores y consultores Ltda<\/a><\/h4><\/div><\/div>\n<div class=\"col-md-6 col-sm-12 col-xs-12 pt-cv-content-item pt-cv-1-col\" ><div class='pt-cv-ifield'><h4 class=\"pt-cv-title\"><a href=\"https:\/\/nowinext.com\/?page_id=768\" class=\"_self\" target=\"_self\" >VAG Global Servicios de Auditoria.<\/a><\/h4><\/div><\/div>\n<div class=\"col-md-6 col-sm-12 col-xs-12 pt-cv-content-item pt-cv-1-col\" ><div class='pt-cv-ifield'><h4 class=\"pt-cv-title\"><a href=\"https:\/\/nowinext.com\/?page_id=767\" class=\"_self\" target=\"_self\" >RSM International Servicios de Auditoria.<\/a><\/h4><\/div><\/div>\n<div class=\"col-md-6 col-sm-12 col-xs-12 pt-cv-content-item pt-cv-1-col\" ><div class='pt-cv-ifield'><h4 class=\"pt-cv-title\"><a href=\"https:\/\/nowinext.com\/?page_id=765\" class=\"_self\" target=\"_self\" >Cohn-Reznick LLP Servicios de Auditoria.<\/a><\/h4><\/div><\/div>\n<div class=\"col-md-6 col-sm-12 col-xs-12 pt-cv-content-item pt-cv-1-col\" ><div class='pt-cv-ifield'><h4 class=\"pt-cv-title\"><a href=\"https:\/\/nowinext.com\/?page_id=764\" class=\"_self\" target=\"_self\" >Planta Moran Servicios de Auditoria.<\/a><\/h4><\/div><\/div>\n<div class=\"col-md-6 col-sm-12 col-xs-12 pt-cv-content-item pt-cv-1-col\" ><div class='pt-cv-ifield'><h4 class=\"pt-cv-title\"><a href=\"https:\/\/nowinext.com\/?page_id=763\" class=\"_self\" target=\"_self\" >Crowe Servicios de Auditoria. Trabajar en Crowe<\/a><\/h4><\/div><\/div>\n<div class=\"col-md-6 col-sm-12 col-xs-12 pt-cv-content-item pt-cv-1-col\" ><div class='pt-cv-ifield'><h4 class=\"pt-cv-title\"><a href=\"https:\/\/nowinext.com\/?page_id=759\" class=\"_self\" target=\"_self\" >Praxity Servicios de Auditoria. Trabajar en Praxity<\/a><\/h4><\/div><\/div>\n<div class=\"col-md-6 col-sm-12 col-xs-12 pt-cv-content-item pt-cv-1-col\" ><div class='pt-cv-ifield'><h4 class=\"pt-cv-title\"><a href=\"https:\/\/nowinext.com\/?page_id=755\" class=\"_self\" target=\"_self\" >Grant Thornton Servicios de Auditoria. Trabajar en Grant Thornton<\/a><\/h4><\/div><\/div>\n<div class=\"col-md-6 col-sm-12 col-xs-12 pt-cv-content-item pt-cv-1-col\" ><div class='pt-cv-ifield'><h4 class=\"pt-cv-title\"><a href=\"https:\/\/nowinext.com\/?page_id=751\" class=\"_self\" target=\"_self\" >Peat Marwick Mitchell  Servicios de Auditoria.<\/a><\/h4><\/div><\/div>\n<div class=\"col-md-6 col-sm-12 col-xs-12 pt-cv-content-item pt-cv-1-col\" ><div class='pt-cv-ifield'><h4 class=\"pt-cv-title\"><a href=\"https:\/\/nowinext.com\/?page_id=745\" class=\"_self\" target=\"_self\" >Deloitte Servicios de Auditoria. Trabajar en Deloitte<\/a><\/h4><\/div><\/div>\n<div class=\"col-md-6 col-sm-12 col-xs-12 pt-cv-content-item pt-cv-1-col\" ><div class='pt-cv-ifield'><h4 class=\"pt-cv-title\"><a href=\"https:\/\/nowinext.com\/?page_id=740\" class=\"_self\" target=\"_self\" >BDO Servicios de Auditoria. Trabajar en BDO<\/a><\/h4><\/div><\/div>\n<div class=\"col-md-6 col-sm-12 col-xs-12 pt-cv-content-item pt-cv-1-col\" ><div class='pt-cv-ifield'><h4 class=\"pt-cv-title\"><a href=\"https:\/\/nowinext.com\/?page_id=734\" class=\"_self\" target=\"_self\" >Ernst &#038; Young Servicios de Auditoria. Trabajar en EY<\/a><\/h4><\/div><\/div>\n<div class=\"col-md-6 col-sm-12 col-xs-12 pt-cv-content-item pt-cv-1-col\" ><div class='pt-cv-ifield'><h4 class=\"pt-cv-title\"><a href=\"https:\/\/nowinext.com\/?page_id=731\" class=\"_self\" target=\"_self\" >KPMG Servicios de Auditoria. Trabajar en KPMG<\/a><\/h4><\/div><\/div>\n<div class=\"col-md-6 col-sm-12 col-xs-12 pt-cv-content-item pt-cv-1-col\" ><div class='pt-cv-ifield'><h4 class=\"pt-cv-title\"><a href=\"https:\/\/nowinext.com\/?page_id=728\" class=\"_self\" target=\"_self\" >PwC Servicios de Auditoria y Consultora. Trabajar en Pwc<\/a><\/h4><\/div><\/div><\/div><\/div><\/div>\n\n\n\n\n\n<p>&nbsp;&nbsp;&nbsp;<\/p>\n","protected":false},"excerpt":{"rendered":"<p>&nbsp; La industria de la auditor\u00eda juega un papel crucial en la econom\u00eda global, proporcionando servicios esenciales para garantizar la [&hellip;]<\/p>\n","protected":false},"author":1,"featured_media":0,"parent":19,"menu_order":0,"comment_status":"closed","ping_status":"closed","template":"","meta":{"site-sidebar-layout":"default","site-content-layout":"","ast-site-content-layout":"default","site-content-style":"default","site-sidebar-style":"default","ast-global-header-display":"","ast-banner-title-visibility":"","ast-main-header-display":"","ast-hfb-above-header-display":"","ast-hfb-below-header-display":"","ast-hfb-mobile-header-display":"","site-post-title":"","ast-breadcrumbs-content":"","ast-featured-img":"","footer-sml-layout":"","ast-disable-related-posts":"","theme-transparent-header-meta":"","adv-header-id-meta":"","stick-header-meta":"","header-above-stick-meta":"","header-main-stick-meta":"","header-below-stick-meta":"","astra-migrate-meta-layouts":"default","ast-page-background-enabled":"default","ast-page-background-meta":{"desktop":{"background-color":"var(--ast-global-color-5)","background-image":"","background-repeat":"repeat","background-position":"center center","background-size":"auto","background-attachment":"scroll","background-type":"","background-media":"","overlay-type":"","overlay-color":"","overlay-opacity":"","overlay-gradient":""},"tablet":{"background-color":"","background-image":"","background-repeat":"repeat","background-position":"center center","background-size":"auto","background-attachment":"scroll","background-type":"","background-media":"","overlay-type":"","overlay-color":"","overlay-opacity":"","overlay-gradient":""},"mobile":{"background-color":"","background-image":"","background-repeat":"repeat","background-position":"center center","background-size":"auto","background-attachment":"scroll","background-type":"","background-media":"","overlay-type":"","overlay-color":"","overlay-opacity":"","overlay-gradient":""}},"ast-content-background-meta":{"desktop":{"background-color":"var(--ast-global-color-4)","background-image":"","background-repeat":"repeat","background-position":"center center","background-size":"auto","background-attachment":"scroll","background-type":"","background-media":"","overlay-type":"","overlay-color":"","overlay-opacity":"","overlay-gradient":""},"tablet":{"background-color":"var(--ast-global-color-4)","background-image":"","background-repeat":"repeat","background-position":"center center","background-size":"auto","background-attachment":"scroll","background-type":"","background-media":"","overlay-type":"","overlay-color":"","overlay-opacity":"","overlay-gradient":""},"mobile":{"background-color":"var(--ast-global-color-4)","background-image":"","background-repeat":"repeat","background-position":"center center","background-size":"auto","background-attachment":"scroll","background-type":"","background-media":"","overlay-type":"","overlay-color":"","overlay-opacity":"","overlay-gradient":""}},"footnotes":""},"class_list":["post-820","page","type-page","status-publish","hentry"],"yoast_head":"<!-- This site is optimized with the Yoast SEO plugin v27.4 - https:\/\/yoast.com\/product\/yoast-seo-wordpress\/ -->\n<title>Empresas de Auditor\u00eda en Francia - Nowinext<\/title>\n<meta name=\"robots\" content=\"index, follow, max-snippet:-1, max-image-preview:large, max-video-preview:-1\" \/>\n<link rel=\"canonical\" href=\"https:\/\/nowinext.com\/?page_id=820\" \/>\n<meta property=\"og:locale\" content=\"en_US\" \/>\n<meta property=\"og:type\" content=\"article\" \/>\n<meta property=\"og:title\" content=\"Empresas de Auditor\u00eda en Francia - Nowinext\" \/>\n<meta property=\"og:description\" content=\"&nbsp; La industria de la auditor\u00eda juega un papel crucial en la econom\u00eda global, proporcionando servicios esenciales para garantizar la [&hellip;]\" \/>\n<meta property=\"og:url\" content=\"https:\/\/nowinext.com\/?page_id=820\" \/>\n<meta property=\"og:site_name\" content=\"Nowinext\" \/>\n<meta property=\"article:modified_time\" content=\"2025-02-21T12:12:19+00:00\" \/>\n<meta name=\"twitter:card\" content=\"summary_large_image\" \/>\n<meta name=\"twitter:label1\" content=\"Est. reading time\" \/>\n\t<meta name=\"twitter:data1\" content=\"1 minute\" \/>\n<script type=\"application\/ld+json\" class=\"yoast-schema-graph\">{\"@context\":\"https:\\\/\\\/schema.org\",\"@graph\":[{\"@type\":\"WebPage\",\"@id\":\"https:\\\/\\\/nowinext.com\\\/?page_id=820\",\"url\":\"https:\\\/\\\/nowinext.com\\\/?page_id=820\",\"name\":\"Empresas de Auditor\u00eda en Francia - Nowinext\",\"isPartOf\":{\"@id\":\"https:\\\/\\\/nowinext.com\\\/#website\"},\"datePublished\":\"2024-09-19T20:44:30+00:00\",\"dateModified\":\"2025-02-21T12:12:19+00:00\",\"breadcrumb\":{\"@id\":\"https:\\\/\\\/nowinext.com\\\/?page_id=820#breadcrumb\"},\"inLanguage\":\"en-US\",\"potentialAction\":[{\"@type\":\"ReadAction\",\"target\":[\"https:\\\/\\\/nowinext.com\\\/?page_id=820\"]}]},{\"@type\":\"BreadcrumbList\",\"@id\":\"https:\\\/\\\/nowinext.com\\\/?page_id=820#breadcrumb\",\"itemListElement\":[{\"@type\":\"ListItem\",\"position\":1,\"name\":\"Inicio\",\"item\":\"https:\\\/\\\/nowinext.com\\\/\"},{\"@type\":\"ListItem\",\"position\":2,\"name\":\"Mejores empresas de auditoria en el mundo. \u00bfCu\u00e1les son las Big Four de servicios de auditoria?\",\"item\":\"https:\\\/\\\/nowinext.com\\\/?page_id=19\"},{\"@type\":\"ListItem\",\"position\":3,\"name\":\"Empresas de Auditor\u00eda en Francia\"}]},{\"@type\":\"WebSite\",\"@id\":\"https:\\\/\\\/nowinext.com\\\/#website\",\"url\":\"https:\\\/\\\/nowinext.com\\\/\",\"name\":\"Nowinext\",\"description\":\"\",\"potentialAction\":[{\"@type\":\"SearchAction\",\"target\":{\"@type\":\"EntryPoint\",\"urlTemplate\":\"https:\\\/\\\/nowinext.com\\\/?s={search_term_string}\"},\"query-input\":{\"@type\":\"PropertyValueSpecification\",\"valueRequired\":true,\"valueName\":\"search_term_string\"}}],\"inLanguage\":\"en-US\"}]}<\/script>\n<!-- \/ Yoast SEO plugin. -->","yoast_head_json":{"title":"Empresas de Auditor\u00eda en Francia - Nowinext","robots":{"index":"index","follow":"follow","max-snippet":"max-snippet:-1","max-image-preview":"max-image-preview:large","max-video-preview":"max-video-preview:-1"},"canonical":"https:\/\/nowinext.com\/?page_id=820","og_locale":"en_US","og_type":"article","og_title":"Empresas de Auditor\u00eda en Francia - Nowinext","og_description":"&nbsp; La industria de la auditor\u00eda juega un papel crucial en la econom\u00eda global, proporcionando servicios esenciales para garantizar la [&hellip;]","og_url":"https:\/\/nowinext.com\/?page_id=820","og_site_name":"Nowinext","article_modified_time":"2025-02-21T12:12:19+00:00","twitter_card":"summary_large_image","twitter_misc":{"Est. reading time":"1 minute"},"schema":{"@context":"https:\/\/schema.org","@graph":[{"@type":"WebPage","@id":"https:\/\/nowinext.com\/?page_id=820","url":"https:\/\/nowinext.com\/?page_id=820","name":"Empresas de Auditor\u00eda en Francia - Nowinext","isPartOf":{"@id":"https:\/\/nowinext.com\/#website"},"datePublished":"2024-09-19T20:44:30+00:00","dateModified":"2025-02-21T12:12:19+00:00","breadcrumb":{"@id":"https:\/\/nowinext.com\/?page_id=820#breadcrumb"},"inLanguage":"en-US","potentialAction":[{"@type":"ReadAction","target":["https:\/\/nowinext.com\/?page_id=820"]}]},{"@type":"BreadcrumbList","@id":"https:\/\/nowinext.com\/?page_id=820#breadcrumb","itemListElement":[{"@type":"ListItem","position":1,"name":"Inicio","item":"https:\/\/nowinext.com\/"},{"@type":"ListItem","position":2,"name":"Mejores empresas de auditoria en el mundo. \u00bfCu\u00e1les son las Big Four de servicios de auditoria?","item":"https:\/\/nowinext.com\/?page_id=19"},{"@type":"ListItem","position":3,"name":"Empresas de Auditor\u00eda en Francia"}]},{"@type":"WebSite","@id":"https:\/\/nowinext.com\/#website","url":"https:\/\/nowinext.com\/","name":"Nowinext","description":"","potentialAction":[{"@type":"SearchAction","target":{"@type":"EntryPoint","urlTemplate":"https:\/\/nowinext.com\/?s={search_term_string}"},"query-input":{"@type":"PropertyValueSpecification","valueRequired":true,"valueName":"search_term_string"}}],"inLanguage":"en-US"}]}},"_links":{"self":[{"href":"https:\/\/nowinext.com\/index.php?rest_route=\/wp\/v2\/pages\/820","targetHints":{"allow":["GET"]}}],"collection":[{"href":"https:\/\/nowinext.com\/index.php?rest_route=\/wp\/v2\/pages"}],"about":[{"href":"https:\/\/nowinext.com\/index.php?rest_route=\/wp\/v2\/types\/page"}],"author":[{"embeddable":true,"href":"https:\/\/nowinext.com\/index.php?rest_route=\/wp\/v2\/users\/1"}],"replies":[{"embeddable":true,"href":"https:\/\/nowinext.com\/index.php?rest_route=%2Fwp%2Fv2%2Fcomments&post=820"}],"version-history":[{"count":2,"href":"https:\/\/nowinext.com\/index.php?rest_route=\/wp\/v2\/pages\/820\/revisions"}],"predecessor-version":[{"id":998,"href":"https:\/\/nowinext.com\/index.php?rest_route=\/wp\/v2\/pages\/820\/revisions\/998"}],"up":[{"embeddable":true,"href":"https:\/\/nowinext.com\/index.php?rest_route=\/wp\/v2\/pages\/19"}],"wp:attachment":[{"href":"https:\/\/nowinext.com\/index.php?rest_route=%2Fwp%2Fv2%2Fmedia&parent=820"}],"curies":[{"name":"wp","href":"https:\/\/api.w.org\/{rel}","templated":true}]}}